{"id":71,"date":"2020-01-27T08:15:05","date_gmt":"2020-01-27T08:15:05","guid":{"rendered":"https:\/\/demosites.io\/web-agency-gb\/?page_id=71"},"modified":"2024-02-02T23:42:19","modified_gmt":"2024-02-02T22:42:19","slug":"15c42-web-agency-gb-portfolio-single","status":"publish","type":"page","link":"https:\/\/ras-net.eu\/index.php\/uslugi\/15c42-web-agency-gb-portfolio-single\/","title":{"rendered":"Outsourcing IT\u00a0"},"content":{"rendered":"\n<div class=\"wp-block-cover alignfull\" style=\"min-height:320px;aspect-ratio:unset;\"><span aria-hidden=\"true\" class=\"wp-block-cover__background has-nv-site-bg-background-color has-background-dim-100 has-background-dim\"><\/span><div class=\"wp-block-cover__inner-container is-layout-flow wp-block-cover-is-layout-flow\">\n<div class=\"wp-block-group\"><div class=\"wp-block-group__inner-container is-layout-flow wp-block-group-is-layout-flow\">\n<div class=\"wp-block-columns are-vertically-aligned-center is-layout-flex wp-container-core-columns-is-layout-9d6595d7 wp-block-columns-is-layout-flex\">\n<div class=\"wp-block-column is-vertically-aligned-center is-layout-flow wp-block-column-is-layout-flow\" style=\"flex-basis:70%\">\n<h1 class=\"wp-block-heading has-text-align-left has-neve-text-color-color has-text-color\">Outsourcing IT&nbsp;<\/h1>\n\n\n\n<p class=\"has-neve-text-color-color has-text-color\" style=\"font-size:22px\">Outsourcing RAS-net zapewnia szybk\u0105 i efektywn\u0105 pomoc dla u\u017cytkownik\u00f3w, gwarantuj\u0105c wsparcie na najwy\u017cszym poziomie.<\/p>\n<\/div>\n\n\n\n<div class=\"wp-block-column is-vertically-aligned-center is-layout-flow wp-block-column-is-layout-flow\" style=\"flex-basis:30%\"><\/div>\n<\/div>\n<\/div><\/div>\n<\/div><\/div>\n\n\n\n<div class=\"wp-block-cover alignfull\" style=\"min-height:600px;aspect-ratio:unset;\"><span aria-hidden=\"true\" class=\"wp-block-cover__background has-nv-light-bg-background-color has-background-dim-100 has-background-dim\"><\/span><div class=\"wp-block-cover__inner-container is-layout-flow wp-block-cover-is-layout-flow\">\n<div class=\"wp-block-group\"><div class=\"wp-block-group__inner-container is-layout-flow wp-block-group-is-layout-flow\">\n<div style=\"height:80px\" aria-hidden=\"true\" class=\"wp-block-spacer\"><\/div>\n\n\n\n<div class=\"wp-block-columns is-layout-flex wp-container-core-columns-is-layout-9d6595d7 wp-block-columns-is-layout-flex\">\n<div class=\"wp-block-column is-vertically-aligned-center is-layout-flow wp-block-column-is-layout-flow\" style=\"flex-basis:55%\"><div class=\"wp-block-image\">\n<figure class=\"alignleft size-large is-resized\"><img loading=\"lazy\" decoding=\"async\" width=\"800\" height=\"800\" src=\"http:\/\/ras-net.eu\/wp-content\/uploads\/2020\/12\/neve-web-design-studio-07.1.png\" alt=\"\" class=\"wp-image-227\" style=\"width:604px;height:auto\" srcset=\"https:\/\/ras-net.eu\/wp-content\/uploads\/2020\/12\/neve-web-design-studio-07.1.png 800w, https:\/\/ras-net.eu\/wp-content\/uploads\/2020\/12\/neve-web-design-studio-07.1-300x300.png 300w, https:\/\/ras-net.eu\/wp-content\/uploads\/2020\/12\/neve-web-design-studio-07.1-150x150.png 150w\" sizes=\"auto, (max-width: 800px) 100vw, 800px\" \/><\/figure>\n<\/div>\n\n\n<div style=\"height:40px\" aria-hidden=\"true\" class=\"wp-block-spacer\"><\/div>\n<\/div>\n\n\n\n<div class=\"wp-block-column is-layout-flow wp-block-column-is-layout-flow\" style=\"flex-basis:50%\">\n<div style=\"height:24px\" aria-hidden=\"true\" class=\"wp-block-spacer\"><\/div>\n\n\n\n<p class=\"has-nv-dark-bg-color has-text-color has-link-color wp-elements-8f461e3c6928425b87213f164dd80a1a\">Zapraszamy do skorzystania z naszej profesjonalnej obs\u0142ugi informatycznej. Specjalizujemy si\u0119 w projektowaniu innowacyjnych rozwi\u0105za\u0144 IT, kt\u00f3re pomagaj\u0105 naszym klientom uzyska\u0107 przewag\u0119 konkurencyjn\u0105. Nasze bogate do\u015bwiadczenie umo\u017cliwia nam budowanie d\u0142ugotrwa\u0142ej wsp\u00f3\u0142pracy, czego dowodem s\u0105 liczne pozytywne referencje. Jako podstaw\u0119 naszej dzia\u0142alno\u015bci stawiamy na kompleksow\u0105 obs\u0142ug\u0119 informatyczn\u0105 firm, wzbogacaj\u0105c j\u0105 o \u015bwie\u017ce i nowatorskie podej\u015bcie do us\u0142ug IT. Rozpoczynaj\u0105c wsp\u00f3\u0142prac\u0119 z nami, zyskujecie Pa\u0144stwo nie tylko us\u0142ugi, ale i zaufanego partnera w biznesie.<\/p>\n\n\n\n<p class=\"has-nv-dark-bg-color has-text-color has-link-color wp-elements-8f74504459156ced78559e73d37b28ba\">Oferujemy r\u00f3wnie\u017c us\u0142ugi outsourcingu informatycznego, dostosowane do kr\u00f3tkoterminowych lub okazjonalnych potrzeb. Idealnym przyk\u0142adem mo\u017ce by\u0107 nasz help desk, dost\u0119pny zar\u00f3wno jako ci\u0105g\u0142e wsparcie pierwszej linii, jak i pomoc w okresach wzmo\u017conej aktywno\u015bci, np. przy wdro\u017ceniach system\u00f3w lub zmianie lokalizacji firmy. Nasze centrum obs\u0142ugi informatycznej zlokalizowane jest w Warszawie, sk\u0105d zapewniamy wsparcie na najwy\u017cszym poziomie.<\/p>\n<\/div>\n<\/div>\n\n\n\n<div style=\"height:40px\" aria-hidden=\"true\" class=\"wp-block-spacer\"><\/div>\n<\/div><\/div>\n<\/div><\/div>\n\n\n\n<div class=\"wp-block-cover alignfull\" style=\"min-height:1109px;aspect-ratio:unset;\"><span aria-hidden=\"true\" class=\"wp-block-cover__background has-nv-site-bg-background-color has-background-dim-100 has-background-dim\"><\/span><div class=\"wp-block-cover__inner-container is-layout-flow wp-block-cover-is-layout-flow\">\n<div class=\"wp-block-group\"><div class=\"wp-block-group__inner-container is-layout-flow wp-block-group-is-layout-flow\">\n<div style=\"height:80px\" aria-hidden=\"true\" class=\"wp-block-spacer\"><\/div>\n\n\n\n<h2 class=\"wp-block-heading has-neve-text-color-color has-text-color\">Indywidualizacja oferty<\/h2>\n\n\n\n<div style=\"height:20px\" aria-hidden=\"true\" class=\"wp-block-spacer\"><\/div>\n\n\n\n<div style=\"height:40px\" aria-hidden=\"true\" class=\"wp-block-spacer\"><\/div>\n\n\n\n<p class=\"has-nv-dark-bg-color has-text-color has-link-color wp-elements-b2d33f9f1ecd6f02044b04b126d9d9dc\">Warunki naszej oferty obs\u0142ugi informatycznej s\u0105 dostosowane do indywidualnych potrzeb ka\u017cdego Klienta oraz do specyfiki jego infrastruktury informatycznej. Bierzemy pod uwag\u0119 wiele kluczowych aspekt\u00f3w, takich jak wielko\u015b\u0107 i konfiguracja sieci, rodzaj i specyfika u\u017cywanego sprz\u0119tu IT oraz oprogramowania, intensywno\u015b\u0107 ruchu sieciowego, obowi\u0105zuj\u0105ce standardy bezpiecze\u0144stwa, a tak\u017ce stan dokumentacji technicznej i wiele innych unikalnych dla ka\u017cdej organizacji czynnik\u00f3w.<\/p>\n\n\n\n<p class=\"has-nv-dark-bg-color has-text-color has-link-color wp-elements-9ce0f8fa709e1c7af04db015ef627f75\">Ka\u017cda oferta jest przygotowywana indywidualnie, aby jak najlepiej odpowiada\u0107 na specyficzne wymagania i oczekiwania naszych Klient\u00f3w. Dostosowujemy zakres \u015bwiadczonych us\u0142ug, aby w pe\u0142ni zaspokoi\u0107 potrzeby operacyjne i strategiczne Twojej organizacji.<\/p>\n\n\n\n<p class=\"has-nv-dark-bg-color has-text-color has-link-color wp-elements-6e44fb4272a5af610ef96e4774b0ad14\">Czym charakteryzuje sie nasza us\u0142uga:<\/p>\n\n\n\n<p class=\"has-nv-dark-bg-color has-text-color has-link-color wp-elements-7b298720ffde701bebc6468287c3b3c9\"><strong>Administracja Sieci Komputerowej: <\/strong>Zarz\u0105dzanie sieci\u0105 komputerow\u0105, w tym systemem dost\u0119pu do zbior\u00f3w danych.<\/p>\n\n\n\n<p class=\"has-nv-dark-bg-color has-text-color has-link-color wp-elements-69e9d42bf6bfd0b00a792cc8990d9050\"><strong>Bezpiecze\u0144stwo Danych:<\/strong> Zapewnienie ochrony danych w komputerowych zbiorach danych firmy.<\/p>\n\n\n\n<p class=\"has-nv-dark-bg-color has-text-color has-link-color wp-elements-2da26ec7824700385fd0c4411a803099\"><strong>Polityka Backupu Baz Danych:<\/strong> Wdro\u017cenie i utrzymanie efektywnej polityki backupu dla baz danych.<\/p>\n\n\n\n<p class=\"has-nv-dark-bg-color has-text-color has-link-color wp-elements-1ed1b3f8009214c2fc70e4af30185267\"><strong>Zarz\u0105dzanie Uprawnieniami: <\/strong>Przydzielanie i odbieranie uprawnie\u0144 dost\u0119pu do zbior\u00f3w danych.<\/p>\n\n\n\n<p class=\"has-nv-dark-bg-color has-text-color has-link-color wp-elements-e01d744dd43e2f80128caff29114d1d8\"><strong>Nadz\u00f3r nad Has\u0142ami: <\/strong>Kontrola i zarz\u0105dzanie has\u0142ami do system\u00f3w informatycznych przetwarzaj\u0105cych dane.<\/p>\n\n\n\n<p class=\"has-nv-dark-bg-color has-text-color has-link-color wp-elements-f009c40bbe471dbed9a8e7bd0e1a4c3c\"><strong>Analiza Potrzeb IT:<\/strong> Analizowanie wymaga\u0144 firmy w zakresie infrastruktury informatycznej, oprogramowania i sprz\u0119tu.<\/p>\n\n\n\n<p class=\"has-nv-dark-bg-color has-text-color has-link-color wp-elements-0f1afd2c5dd0710864b2124771e8b0cd\"><strong>Nadz\u00f3r nad Sieci\u0105 Informatyczn\u0105: <\/strong>Zapewnienie prawid\u0142owego dzia\u0142ania sieci informatycznej, w tym dost\u0119pu do Internetu, zabezpiecze\u0144 sieciowych i niezb\u0119dnych aplikacji.<\/p>\n\n\n\n<p class=\"has-nv-dark-bg-color has-text-color has-link-color wp-elements-51d89df3e135e28bb0a6f3666839f888\"><strong>Wsparcie Merytoryczne i Techniczne:<\/strong> Oferowanie wsparcia merytorycznego i technicznego, w tym serwisu i rozwi\u0105zywania problem\u00f3w zwi\u0105zanych z oprogramowaniem.<\/p>\n\n\n\n<div style=\"height:40px\" aria-hidden=\"true\" class=\"wp-block-spacer\"><\/div>\n<\/div><\/div>\n<\/div><\/div>\n\n\n\n<div class=\"wp-block-cover alignfull\" style=\"min-height:600px;aspect-ratio:unset;\"><span aria-hidden=\"true\" class=\"wp-block-cover__background has-nv-light-bg-background-color has-background-dim-100 has-background-dim\"><\/span><div class=\"wp-block-cover__inner-container is-layout-flow wp-block-cover-is-layout-flow\">\n<div class=\"wp-block-group\"><div class=\"wp-block-group__inner-container is-layout-flow wp-block-group-is-layout-flow\"><div class=\"wp-block-image\">\n<figure class=\"aligncenter size-large is-resized\"><img loading=\"lazy\" decoding=\"async\" width=\"1024\" height=\"585\" src=\"http:\/\/ras-net.eu\/wp-content\/uploads\/2024\/02\/ludziei-n-a-high-tech-envir-1024x585.jpg\" alt=\"\" class=\"wp-image-449\" style=\"width:1187px;height:auto\" srcset=\"https:\/\/ras-net.eu\/wp-content\/uploads\/2024\/02\/ludziei-n-a-high-tech-envir-1024x585.jpg 1024w, https:\/\/ras-net.eu\/wp-content\/uploads\/2024\/02\/ludziei-n-a-high-tech-envir-300x171.jpg 300w, https:\/\/ras-net.eu\/wp-content\/uploads\/2024\/02\/ludziei-n-a-high-tech-envir-768x439.jpg 768w, https:\/\/ras-net.eu\/wp-content\/uploads\/2024\/02\/ludziei-n-a-high-tech-envir-1536x878.jpg 1536w, https:\/\/ras-net.eu\/wp-content\/uploads\/2024\/02\/ludziei-n-a-high-tech-envir.jpg 1792w\" sizes=\"auto, (max-width: 1024px) 100vw, 1024px\" \/><\/figure>\n<\/div><\/div><\/div>\n<\/div><\/div>\n\n\n\n<div class=\"wp-block-cover alignfull\" style=\"min-height:300px;aspect-ratio:unset;\"><span aria-hidden=\"true\" class=\"wp-block-cover__background has-nv-dark-bg-background-color has-background-dim-100 has-background-dim\"><\/span><div class=\"wp-block-cover__inner-container is-layout-flow wp-block-cover-is-layout-flow\">\n<div style=\"height:140px\" aria-hidden=\"true\" class=\"wp-block-spacer\"><\/div>\n\n\n\n<h2 class=\"wp-block-heading has-text-align-center has-nv-text-dark-bg-color has-text-color\">Korzy\u015bci p\u0142yn\u0105ce z outsourcingu IT:<\/h2>\n\n\n\n<p><\/p>\n\n\n\n<ol class=\"wp-block-list\">\n<li><strong>Oszcz\u0119dno\u015bci Kosztowe:<\/strong> Outsourcing IT mo\u017ce znacz\u0105co obni\u017cy\u0107 koszty operacyjne Twojej firmy. Dzi\u0119ki wykorzystaniu zaawansowanej infrastruktury i dost\u0119pu do specjalistycznych zasob\u00f3w, outsourcing jest cz\u0119sto bardziej op\u0142acalny ni\u017c rekrutacja i szkolenie w\u0142asnej kadry IT.<\/li>\n\n\n\n<li><strong>Dost\u0119p do Specjalistycznej Wiedzy:<\/strong> Wybieraj\u0105c outsourcing IT, zyskujesz dost\u0119p do us\u0142ug wysoce wykwalifikowanych specjalist\u00f3w bran\u017cowych. Nasi eksperci s\u0105 na bie\u017c\u0105co z najnowszymi technologiami i innowacyjnymi rozwi\u0105zaniami, co przek\u0142ada si\u0119 na popraw\u0119 jako\u015bci \u015bwiadczonych us\u0142ug.<\/li>\n\n\n\n<li><strong>Redukcja Ryzyka:<\/strong> Outsourcing IT pomaga minimalizowa\u0107 ryzyko zwi\u0105zane z cyberzagro\u017ceniami, awariami sprz\u0119tu czy szybko zmieniaj\u0105cymi si\u0119 technologiami. Nasi dostawcy us\u0142ug IT dysponuj\u0105 odpowiednimi \u015brodkami i wiedz\u0105, by zapewni\u0107 skuteczn\u0105 ochron\u0119 i bezpiecze\u0144stwo danych.<\/li>\n<\/ol>\n\n\n\n<p>Skontaktuj si\u0119 z nami ju\u017c dzi\u015b, aby uzyska\u0107 indywidualn\u0105 wycen\u0119 us\u0142ug outsourcingu IT i dowiedz si\u0119, jak mo\u017cemy wspiera\u0107 rozw\u00f3j Twojej firmy.&#8221;<\/p>\n\n\n\n<div class=\"wp-block-buttons is-horizontal is-content-justification-center is-layout-flex wp-container-core-buttons-is-layout-499968f5 wp-block-buttons-is-layout-flex\">\n<div class=\"wp-block-button is-style-primary\"><a class=\"wp-block-button__link wp-element-button\" href=\"https:\/\/ras-net.eu\/index.php\/contact-us\/\">Skontaktuj si\u0119 z nami<\/a><\/div>\n<\/div>\n\n\n\n<div style=\"height:140px\" aria-hidden=\"true\" class=\"wp-block-spacer\"><\/div>\n<\/div><\/div>\n","protected":false},"excerpt":{"rendered":"","protected":false},"author":1,"featured_media":0,"parent":69,"menu_order":1,"comment_status":"closed","ping_status":"closed","template":"","meta":{"om_disable_all_campaigns":false,"_monsterinsights_skip_tracking":false,"_monsterinsights_sitenote_active":false,"_monsterinsights_sitenote_note":"","_monsterinsights_sitenote_category":0,"neve_meta_sidebar":"default","neve_meta_container":"","neve_meta_enable_content_width":"on","neve_meta_content_width":80,"neve_meta_title_alignment":"","neve_meta_author_avatar":"","neve_post_elements_order":"","neve_meta_disable_header":"","neve_meta_disable_footer":"","neve_meta_disable_title":"on","_themeisle_gutenberg_block_has_review":false,"_ti_tpc_template_sync":false,"_ti_tpc_template_id":"axcn4pxgkxci1ianbdh0","footnotes":""},"class_list":["post-71","page","type-page","status-publish","hentry"],"aioseo_notices":[],"_links":{"self":[{"href":"https:\/\/ras-net.eu\/index.php\/wp-json\/wp\/v2\/pages\/71","targetHints":{"allow":["GET"]}}],"collection":[{"href":"https:\/\/ras-net.eu\/index.php\/wp-json\/wp\/v2\/pages"}],"about":[{"href":"https:\/\/ras-net.eu\/index.php\/wp-json\/wp\/v2\/types\/page"}],"author":[{"embeddable":true,"href":"https:\/\/ras-net.eu\/index.php\/wp-json\/wp\/v2\/users\/1"}],"replies":[{"embeddable":true,"href":"https:\/\/ras-net.eu\/index.php\/wp-json\/wp\/v2\/comments?post=71"}],"version-history":[{"count":9,"href":"https:\/\/ras-net.eu\/index.php\/wp-json\/wp\/v2\/pages\/71\/revisions"}],"predecessor-version":[{"id":524,"href":"https:\/\/ras-net.eu\/index.php\/wp-json\/wp\/v2\/pages\/71\/revisions\/524"}],"up":[{"embeddable":true,"href":"https:\/\/ras-net.eu\/index.php\/wp-json\/wp\/v2\/pages\/69"}],"wp:attachment":[{"href":"https:\/\/ras-net.eu\/index.php\/wp-json\/wp\/v2\/media?parent=71"}],"curies":[{"name":"wp","href":"https:\/\/api.w.org\/{rel}","templated":true}]}}